{"id":619,"date":"2016-12-09T12:36:32","date_gmt":"2016-12-09T11:36:32","guid":{"rendered":"http:\/\/guyotvillois.com\/blog\/?page_id=619"},"modified":"2018-12-06T11:59:32","modified_gmt":"2018-12-06T10:59:32","slug":"vues-du-cimetiere-de-guyotville","status":"publish","type":"page","link":"http:\/\/guyotvillois.com\/blog\/documentation\/vues-du-cimetiere-de-guyotville\/","title":{"rendered":"Vues du cimeti\u00e8re de Guyotville"},"content":{"rendered":"<p>[vc_row][vc_column][vc_column_text][supsystic-gallery id=&rsquo;1&prime;][\/vc_column_text][\/vc_column][\/vc_row]<\/p>\n<p><strong>Voici 3 vid\u00e9os de l&rsquo;\u00e9tat des lieux (Sept.2017)<\/strong><\/p>\n<p>le cimeti\u00e8re partie haute, le cimeti\u00e8re partie basse \u00e0 l&rsquo;Est (la plus d\u00e9grad\u00e9e) et le cimeti\u00e8re partie basse \u00e0 l&rsquo;Ouest (proche de l&rsquo;entr\u00e9e).<\/p>\n<p>Ces videos sont stock\u00e9es sur le site \u00ab\u00a0vimeo.com\u00a0\u00bb.<br \/>\nIl faut saisir le mot de passe <strong>\u00ab\u00a0guyotville\u00a0\u00bb<\/strong> et se mettre bien s\u00fbr en plein \u00e9cran.<\/p>\n<p>1\/ Le cimeti\u00e8re du haut<br \/>\n<iframe loading=\"lazy\" src=\"https:\/\/player.vimeo.com\/video\/242776335\" width=\"640\" height=\"360\" frameborder=\"0\" webkitallowfullscreen mozallowfullscreen allowfullscreen><\/iframe><\/p>\n<p>2\/ Le cimeti\u00e8re du bas &#8211; c\u00f4t\u00e9 Est (expos\u00e9e, peu arbor\u00e9e)<br \/>\n<iframe loading=\"lazy\" src=\"https:\/\/player.vimeo.com\/video\/242785667\" width=\"640\" height=\"360\" frameborder=\"0\" webkitallowfullscreen mozallowfullscreen allowfullscreen><\/iframe><\/p>\n<p>3\/ Le cimeti\u00e8re du bas &#8211; c\u00f4t\u00e9 Ouest (entr\u00e9e principale, nombreux caveaux)<br \/>\n<iframe loading=\"lazy\" src=\"https:\/\/player.vimeo.com\/video\/242799300\" width=\"640\" height=\"360\" frameborder=\"0\" webkitallowfullscreen mozallowfullscreen allowfullscreen><\/iframe><\/p>\n","protected":false},"excerpt":{"rendered":"<p>[vc_row][vc_column][vc_column_text][supsystic-gallery id=&rsquo;1&prime;][\/vc_column_text][\/vc_column][\/vc_row] Voici 3 vid\u00e9os de l&rsquo;\u00e9tat des lieux (Sept.2017) le cimeti\u00e8re partie haute, le cimeti\u00e8re partie basse \u00e0 l&rsquo;Est (la plus d\u00e9grad\u00e9e) et le cimeti\u00e8re partie basse \u00e0 l&rsquo;Ouest (proche de l&rsquo;entr\u00e9e). Ces videos sont stock\u00e9es sur le site \u00ab\u00a0vimeo.com\u00a0\u00bb. Il faut saisir le mot de passe \u00ab\u00a0guyotville\u00a0\u00bb et se mettre bien s\u00fbr en &#8230; <a title=\"Vues du cimeti\u00e8re de Guyotville\" class=\"read-more\" href=\"http:\/\/guyotvillois.com\/blog\/documentation\/vues-du-cimetiere-de-guyotville\/\" aria-label=\"En savoir plus sur Vues du cimeti\u00e8re de Guyotville\">Lire la suite<\/a><\/p>\n","protected":false},"author":4,"featured_media":0,"parent":233,"menu_order":9,"comment_status":"closed","ping_status":"closed","template":"","meta":[],"acf":[],"_links":{"self":[{"href":"http:\/\/guyotvillois.com\/blog\/wp-json\/wp\/v2\/pages\/619"}],"collection":[{"href":"http:\/\/guyotvillois.com\/blog\/wp-json\/wp\/v2\/pages"}],"about":[{"href":"http:\/\/guyotvillois.com\/blog\/wp-json\/wp\/v2\/types\/page"}],"author":[{"embeddable":true,"href":"http:\/\/guyotvillois.com\/blog\/wp-json\/wp\/v2\/users\/4"}],"replies":[{"embeddable":true,"href":"http:\/\/guyotvillois.com\/blog\/wp-json\/wp\/v2\/comments?post=619"}],"version-history":[{"count":7,"href":"http:\/\/guyotvillois.com\/blog\/wp-json\/wp\/v2\/pages\/619\/revisions"}],"predecessor-version":[{"id":3149,"href":"http:\/\/guyotvillois.com\/blog\/wp-json\/wp\/v2\/pages\/619\/revisions\/3149"}],"up":[{"embeddable":true,"href":"http:\/\/guyotvillois.com\/blog\/wp-json\/wp\/v2\/pages\/233"}],"wp:attachment":[{"href":"http:\/\/guyotvillois.com\/blog\/wp-json\/wp\/v2\/media?parent=619"}],"curies":[{"name":"wp","href":"https:\/\/api.w.org\/{rel}","templated":true}]}}