{"id":251,"date":"2016-11-10T13:06:23","date_gmt":"2016-11-10T12:06:23","guid":{"rendered":"http:\/\/guyotvillois.com\/blog\/?page_id=251"},"modified":"2017-01-09T17:35:12","modified_gmt":"2017-01-09T16:35:12","slug":"consulat-de-france-a-alger","status":"publish","type":"page","link":"http:\/\/guyotvillois.com\/blog\/documentation\/consulat-de-france-a-alger\/","title":{"rendered":"Consulat de France \u00e0 Alger"},"content":{"rendered":"<p>1 &#8211; Lisez ce rapport du Minist\u00e8re des Affaires Etrang\u00e8res de F\u00e9vrier 2013:<br \/>\n<a href=\"http:\/\/guyotvillois.com\/blog\/wp-content\/uploads\/2016\/11\/BILAN_2013_sepulutures_algerie_AIN-BENIAN.pdf\" target=\"_blank\">bilan_2013_sepultures_algerie_ain-benian<\/a><br \/>\n\u00ab\u00a0Bilan et Perspectives sur les s\u00e9pultures civiles en Alg\u00e9rie\u00a0\u00bb<br \/>\npages 19 et 20, notre cimeti\u00e8re d&rsquo;Ain Benian \u00e9tait bien sur la liste de regroupement sur El Biar (Mont d&rsquo;Or) et qu&rsquo;il en a \u00e9t\u00e9 retir\u00e9 au dernier moment, \u00e9chappant ainsi \u00e0 sa destruction.<\/p>\n<p>Voici une photo de ce qui reste du cimeti\u00e8re de Baba Hassen (Douera), qui n&rsquo;a pas eu cette chance: UN CUBE<\/p>\n<figure id=\"attachment_267\" aria-describedby=\"caption-attachment-267\" style=\"width: 290px\" class=\"wp-caption alignnone\"><a href=\"http:\/\/guyotvillois.com\/blog\/wp-content\/uploads\/2016\/11\/Regroupement-Baba-Hassen-Douera.vers-ElBiarjpg.jpg\" target=\"_blank\"><img loading=\"lazy\" class=\"wp-image-267 size-medium\" src=\"http:\/\/guyotvillois.com\/blog\/wp-content\/uploads\/2016\/11\/Regroupement-Baba-Hassen-Douera.vers-ElBiarjpg-300x300.jpg\" alt=\"regroupement-baba-hassen-douera-vers-elbiarjpg\" width=\"300\" height=\"300\" srcset=\"http:\/\/guyotvillois.com\/blog\/wp-content\/uploads\/2016\/11\/Regroupement-Baba-Hassen-Douera.vers-ElBiarjpg-300x300.jpg 300w, http:\/\/guyotvillois.com\/blog\/wp-content\/uploads\/2016\/11\/Regroupement-Baba-Hassen-Douera.vers-ElBiarjpg-150x150.jpg 150w, http:\/\/guyotvillois.com\/blog\/wp-content\/uploads\/2016\/11\/Regroupement-Baba-Hassen-Douera.vers-ElBiarjpg-230x230.jpg 230w, http:\/\/guyotvillois.com\/blog\/wp-content\/uploads\/2016\/11\/Regroupement-Baba-Hassen-Douera.vers-ElBiarjpg-80x80.jpg 80w, http:\/\/guyotvillois.com\/blog\/wp-content\/uploads\/2016\/11\/Regroupement-Baba-Hassen-Douera.vers-ElBiarjpg.jpg 480w\" sizes=\"(max-width: 300px) 100vw, 300px\" \/><\/a><figcaption id=\"caption-attachment-267\" class=\"wp-caption-text\">Cimeti\u00e8re Baba Hassen (Douera)<\/figcaption><\/figure>\n<p>&nbsp;<\/p>\n<p>2 &#8211; En ce qui concerne les s\u00e9pultures civiles en Alg\u00e9rie: g\u00e9n\u00e9ralit\u00e9s, regroupement, entretien, photos:<br \/>\n<a href=\"http:\/\/alger.ambafrance-dz.org\/-Cimetieres-chretiens-et-juifs,687-\" target=\"_blank\">lien: Consulat de France en Alg\u00e9rie: s\u00e9pultures civiles<\/a><\/p>\n<p>3 &#8211; Pour le transfert de restes mortels d&rsquo;Alg\u00e9rie vers la France:<br \/>\n<a href=\"http:\/\/alger.ambafrance-dz.org\/Le-transfert-de-restes-mortels-d\" target=\"_blank\">Transferts de restes mortels vers la France<\/a><\/p>\n<p>4 &#8211; Renouvellement des concessions en Alg\u00e9rie:<br \/>\n<a href=\"http:\/\/alger.ambafrance-dz.org\/RENOUVELLEMENT-DES-CONCESSIONS\" target=\"_blank\">Renouvellement des concessions<\/a><\/p>\n<p>5 &#8211; Ambassade:<\/p>\n<p><a href=\"http:\/\/www.guyotvillois.com\/docs\/ambassade_bilan-2015-cimetieres.pdf\" target=\"_blank\">Bilan 2015 s\u00e9pultures en Alg\u00e9rie<\/a> (A\u00efn Benian: p.19)<\/p>\n","protected":false},"excerpt":{"rendered":"<p>1 &#8211; Lisez ce rapport du Minist\u00e8re des Affaires Etrang\u00e8res de F\u00e9vrier 2013: bilan_2013_sepultures_algerie_ain-benian \u00ab\u00a0Bilan et Perspectives sur les s\u00e9pultures civiles en Alg\u00e9rie\u00a0\u00bb pages 19 et 20, notre cimeti\u00e8re d&rsquo;Ain Benian \u00e9tait bien sur la liste de regroupement sur El Biar (Mont d&rsquo;Or) et qu&rsquo;il en a \u00e9t\u00e9 retir\u00e9 au dernier moment, \u00e9chappant ainsi \u00e0 &#8230; <a title=\"Consulat de France \u00e0 Alger\" class=\"read-more\" href=\"http:\/\/guyotvillois.com\/blog\/documentation\/consulat-de-france-a-alger\/\" aria-label=\"En savoir plus sur Consulat de France \u00e0 Alger\">Lire la suite<\/a><\/p>\n","protected":false},"author":4,"featured_media":0,"parent":233,"menu_order":0,"comment_status":"closed","ping_status":"closed","template":"","meta":[],"acf":[],"_links":{"self":[{"href":"http:\/\/guyotvillois.com\/blog\/wp-json\/wp\/v2\/pages\/251"}],"collection":[{"href":"http:\/\/guyotvillois.com\/blog\/wp-json\/wp\/v2\/pages"}],"about":[{"href":"http:\/\/guyotvillois.com\/blog\/wp-json\/wp\/v2\/types\/page"}],"author":[{"embeddable":true,"href":"http:\/\/guyotvillois.com\/blog\/wp-json\/wp\/v2\/users\/4"}],"replies":[{"embeddable":true,"href":"http:\/\/guyotvillois.com\/blog\/wp-json\/wp\/v2\/comments?post=251"}],"version-history":[{"count":10,"href":"http:\/\/guyotvillois.com\/blog\/wp-json\/wp\/v2\/pages\/251\/revisions"}],"predecessor-version":[{"id":1762,"href":"http:\/\/guyotvillois.com\/blog\/wp-json\/wp\/v2\/pages\/251\/revisions\/1762"}],"up":[{"embeddable":true,"href":"http:\/\/guyotvillois.com\/blog\/wp-json\/wp\/v2\/pages\/233"}],"wp:attachment":[{"href":"http:\/\/guyotvillois.com\/blog\/wp-json\/wp\/v2\/media?parent=251"}],"curies":[{"name":"wp","href":"https:\/\/api.w.org\/{rel}","templated":true}]}}