{"id":233,"date":"2016-11-10T08:45:41","date_gmt":"2016-11-10T07:45:41","guid":{"rendered":"http:\/\/guyotvillois.com\/blog\/?page_id=233"},"modified":"2016-12-04T23:32:13","modified_gmt":"2016-12-04T22:32:13","slug":"documentation","status":"publish","type":"page","link":"http:\/\/guyotvillois.com\/blog\/documentation\/","title":{"rendered":"Cimeti\u00e8res d&rsquo;Alg\u00e9rie"},"content":{"rendered":"<p>Il a fallu attendre la visite de Jacques Chirac en 2003 en Alg\u00e9rie, pour que les gouvernements fran\u00e7ais et alg\u00e9riens prennent conscience de l&rsquo;\u00e9tat des cimeti\u00e8res chr\u00e9tiens et juifs, rest\u00e9s 40 ans sans entretien malgr\u00e9 les engagements pris \u00e0 l&rsquo;ind\u00e9pendance.<\/p>\n<p>On en parle ici :<\/p>\n<ul>\n<li><span style=\"color: #3366ff;\">Petit historique sur les cimeti\u00e8res depuis 2004 sur \u00ab\u00a0<a href=\"http:\/\/babelouedstory.com\/thema_les\/cimetieres\/cimetiere_accueil\/cimetiere_accueil.html\" target=\"_blank\">Bab-el-Oued Story\u00a0\u00bb<\/a><\/span><\/li>\n<li><span style=\"color: #3366ff;\">Communication du consulat sur le dernier entretien du \u00ab\u00a0<a href=\"http:\/\/alger.ambafrance-dz.org\/Cimetiere-chretien-d-Ain-Benian\" target=\"_blank\">cimeti\u00e8re de Guyotville<\/a>\u00ab\u00a0<\/span><\/li>\n<li><span style=\"color: #3366ff;\">Article des Deux rives de la M\u00e9diterran\u00e9e sur les cimeti\u00e8res \u00ab\u00a0<a href=\"http:\/\/ldh-toulon.net\/les-cimetieres-chretiens-et-juifs.html\" target=\"_blank\">lieux de m\u00e9moire et d&rsquo;histoire<\/a>\u00ab\u00a0<\/span><\/li>\n<\/ul>\n<p>&nbsp;<\/p>\n<p>&nbsp;<\/p>\n","protected":false},"excerpt":{"rendered":"<p>Il a fallu attendre la visite de Jacques Chirac en 2003 en Alg\u00e9rie, pour que les gouvernements fran\u00e7ais et alg\u00e9riens prennent conscience de l&rsquo;\u00e9tat des cimeti\u00e8res chr\u00e9tiens et juifs, rest\u00e9s 40 ans sans entretien malgr\u00e9 les engagements pris \u00e0 l&rsquo;ind\u00e9pendance. On en parle ici : Petit historique sur les cimeti\u00e8res depuis 2004 sur \u00ab\u00a0Bab-el-Oued Story\u00a0\u00bb &#8230; <a title=\"Cimeti\u00e8res d&rsquo;Alg\u00e9rie\" class=\"read-more\" href=\"http:\/\/guyotvillois.com\/blog\/documentation\/\" aria-label=\"En savoir plus sur Cimeti\u00e8res d&rsquo;Alg\u00e9rie\">Lire la suite<\/a><\/p>\n","protected":false},"author":4,"featured_media":0,"parent":0,"menu_order":4,"comment_status":"closed","ping_status":"closed","template":"","meta":[],"acf":[],"_links":{"self":[{"href":"http:\/\/guyotvillois.com\/blog\/wp-json\/wp\/v2\/pages\/233"}],"collection":[{"href":"http:\/\/guyotvillois.com\/blog\/wp-json\/wp\/v2\/pages"}],"about":[{"href":"http:\/\/guyotvillois.com\/blog\/wp-json\/wp\/v2\/types\/page"}],"author":[{"embeddable":true,"href":"http:\/\/guyotvillois.com\/blog\/wp-json\/wp\/v2\/users\/4"}],"replies":[{"embeddable":true,"href":"http:\/\/guyotvillois.com\/blog\/wp-json\/wp\/v2\/comments?post=233"}],"version-history":[{"count":10,"href":"http:\/\/guyotvillois.com\/blog\/wp-json\/wp\/v2\/pages\/233\/revisions"}],"predecessor-version":[{"id":534,"href":"http:\/\/guyotvillois.com\/blog\/wp-json\/wp\/v2\/pages\/233\/revisions\/534"}],"wp:attachment":[{"href":"http:\/\/guyotvillois.com\/blog\/wp-json\/wp\/v2\/media?parent=233"}],"curies":[{"name":"wp","href":"https:\/\/api.w.org\/{rel}","templated":true}]}}