{"id":2,"date":"2013-11-27T16:40:37","date_gmt":"2013-11-27T15:40:37","guid":{"rendered":"http:\/\/guyotvillois.com\/blog\/\/?page_id=2"},"modified":"2018-12-06T16:05:05","modified_gmt":"2018-12-06T15:05:05","slug":"guyotville","status":"publish","type":"page","link":"http:\/\/guyotvillois.com\/blog\/guyotville\/","title":{"rendered":"Guyotville, A\u00efn Benian"},"content":{"rendered":"<p><strong>GUYOTVILLE <\/strong><\/p>\n<p>En premier lieu , vous pouvez visionner ici notre <em><strong><a href=\"http:\/\/www.guyotvillois.com\/photos\/guyotville\/Plan-Guyotville-1957.jpg\" target=\"_blank\">PLAN DES RUES DE GUYOTVILLE(1957)<\/a><\/strong><\/em>,<br \/>\ndessin\u00e9 par Th\u00e9o Bruand d&rsquo;Uzelle \u00e0 l&rsquo;\u00e9chelle 1\/2500e en 1999 (Cercle alg\u00e9rianiste de Franche Comt\u00e9)<\/p>\n<p><a href=\"http:\/\/guyotvillois.com\/blog\/wp-content\/uploads\/2013\/11\/place-eglise.jpg\" target=\"_blank\"><img loading=\"lazy\" class=\"alignnone size-medium wp-image-490\" src=\"http:\/\/guyotvillois.com\/blog\/wp-content\/uploads\/2013\/11\/place-eglise-300x194.jpg\" alt=\"place-eglise\" width=\"300\" height=\"194\" srcset=\"http:\/\/guyotvillois.com\/blog\/wp-content\/uploads\/2013\/11\/place-eglise-300x194.jpg 300w, http:\/\/guyotvillois.com\/blog\/wp-content\/uploads\/2013\/11\/place-eglise.jpg 500w\" sizes=\"(max-width: 300px) 100vw, 300px\" \/><\/a><a href=\"http:\/\/guyotvillois.com\/blog\/wp-content\/uploads\/2013\/11\/guyotville_madrague.jpg\" target=\"_blank\"><img loading=\"lazy\" class=\"alignnone wp-image-489\" src=\"http:\/\/guyotvillois.com\/blog\/wp-content\/uploads\/2013\/11\/guyotville_madrague-300x187.jpg\" alt=\"guyotville_madrague\" width=\"310\" height=\"193\" srcset=\"http:\/\/guyotvillois.com\/blog\/wp-content\/uploads\/2013\/11\/guyotville_madrague-300x187.jpg 300w, http:\/\/guyotvillois.com\/blog\/wp-content\/uploads\/2013\/11\/guyotville_madrague-768x479.jpg 768w, http:\/\/guyotvillois.com\/blog\/wp-content\/uploads\/2013\/11\/guyotville_madrague-1024x639.jpg 1024w, http:\/\/guyotvillois.com\/blog\/wp-content\/uploads\/2013\/11\/guyotville_madrague.jpg 1200w\" sizes=\"(max-width: 310px) 100vw, 310px\" \/><\/a><\/p>\n<ul>\n<li>le site \u00ab\u00a0r\u00e9f\u00e9rence\u00a0\u00bb de notre secr\u00e9taire Jean-Raymond Di Fina <a href=\"http:\/\/guyotville9a.free.fr\/\" target=\"_blank\">\u00ab\u00a0Bienvenue \u00e0 Guyotville\u00a0\u00bb<\/a><\/li>\n<li>signez le \u00ab\u00a0<a href=\"http:\/\/www.livre-dor.net\/livre.php?livredor=8418&amp;p=0\" target=\"_blank\">livre d&rsquo;or des Guyotvillois<\/a>\u00a0\u00bb de Jean-Raymond Di Fina<\/li>\n<li>le site de notre association <a href=\"http:\/\/cimetiere.guyotville.free.fr\/\" target=\"_blank\">\u00ab\u00a0Cimeti\u00e8re de Guyotville\u00a0\u00bb<\/a><\/li>\n<li>le site de Bernard Venis <a href=\"http:\/\/alger-roi.fr\/Alger\/guyotville\/guyotville.htm\" target=\"_blank\">\u00ab\u00a0Alger-Roi\u00a0\u00bb<\/a><\/li>\n<li>quelques textes du Dr P\u00e9lissier de \u00ab\u00a0<a href=\"http:\/\/guyotville1.skyrock.com\/1.html\" target=\"_blank\">Nous habitions Guyotville<\/a>\u00a0\u00bb ou de \u00ab\u00a0<a href=\"http:\/\/www.vitaminedz.org\/chez-nous-a-guyotville\/Articles_15504_96316_42_1.html\" target=\"_blank\">Chez nous \u00e0 Guyotville<\/a>\u00ab\u00a0<\/li>\n<li>le site d&rsquo;Hubert Zakine: \u00ab\u00a0<a href=\"http:\/\/hubertzakine.blogspot.fr\/search?q=guyotville\" target=\"_blank\">De St Eug\u00e9ne \u00e0 Guyotville<\/a>\u00ab\u00a0<\/li>\n<li>Bol\u00e9ro compos\u00e9 en l&rsquo;honneur de mon village natal par <a href=\"https:\/\/www.youtube.com\/watch?v=JRgTuJC6buk\" target=\"_blank\">Andr\u00e9 Constantino et Jimmy Girodanengo<\/a><\/li>\n<li>quelques coupures de presse : <a href=\"http:\/\/guyotvillois.com\/blog\/?p=1180&amp;preview=true\" target=\"_blank\">\u00ab\u00a0Echo d&rsquo;Alger et la D\u00e9p\u00eache\u00a0\u00bb<\/a><\/li>\n<li>une \u00e9tude de Victor Demont\u00e9s (1903) sur le \u00ab\u00a0<a href=\"http:\/\/www.guyotvillois.com\/docs\/1903-Demontes-etude-Guyotville.pdf\" target=\"_blank\">g\u00e9n\u00e8se du village de Guyotville<\/a>\u00ab\u00a0<\/li>\n<li>un article de John Franklin(CDHA) sur le produit qui fit la richesse du village: \u00ab\u00a0<a href=\"http:\/\/babelouedstory.com\/cdhas\/23_guyotville\/guyotville_23.html\" target=\"_blank\">le chasselas dor\u00e9 de Guyotville<\/a>\u00ab\u00a0<\/li>\n<li>M\u00e9morial: liste des morts 14-18 du <a href=\"http:\/\/www.memorialgenweb.org\/memorial3\/html\/fr\/resultcommune.php?dpt=9352&amp;idsource=54624&amp;table=bp08\" target=\"_blank\">Monument aux morts de Guyotville<\/a><\/li>\n<\/ul>\n<p><strong>AIN BENIAN<\/strong><br \/>\n<a href=\"http:\/\/guyotvillois.com\/blog\/wp-content\/uploads\/2013\/11\/131243_173542122679696_7683068_o.jpeg\" target=\"_blank\"><img loading=\"lazy\" class=\"alignnone size-medium wp-image-492\" src=\"http:\/\/guyotvillois.com\/blog\/wp-content\/uploads\/2013\/11\/131243_173542122679696_7683068_o-300x200.jpeg\" alt=\"131243_173542122679696_7683068_o\" width=\"300\" height=\"200\" srcset=\"http:\/\/guyotvillois.com\/blog\/wp-content\/uploads\/2013\/11\/131243_173542122679696_7683068_o-300x200.jpeg 300w, http:\/\/guyotvillois.com\/blog\/wp-content\/uploads\/2013\/11\/131243_173542122679696_7683068_o-768x511.jpeg 768w, http:\/\/guyotvillois.com\/blog\/wp-content\/uploads\/2013\/11\/131243_173542122679696_7683068_o-1024x681.jpeg 1024w, http:\/\/guyotvillois.com\/blog\/wp-content\/uploads\/2013\/11\/131243_173542122679696_7683068_o.jpeg 1025w\" sizes=\"(max-width: 300px) 100vw, 300px\" \/><\/a><a href=\"http:\/\/guyotvillois.com\/blog\/wp-content\/uploads\/2013\/11\/163757_173975795969662_685855_n.jpeg\" target=\"_blank\"><img loading=\"lazy\" class=\"alignnone size-medium wp-image-493\" src=\"http:\/\/guyotvillois.com\/blog\/wp-content\/uploads\/2013\/11\/163757_173975795969662_685855_n-300x201.jpeg\" alt=\"163757_173975795969662_685855_n\" width=\"300\" height=\"201\" srcset=\"http:\/\/guyotvillois.com\/blog\/wp-content\/uploads\/2013\/11\/163757_173975795969662_685855_n-300x201.jpeg 300w, http:\/\/guyotvillois.com\/blog\/wp-content\/uploads\/2013\/11\/163757_173975795969662_685855_n.jpeg 640w\" sizes=\"(max-width: 300px) 100vw, 300px\" \/><\/a><\/p>\n<ul>\n<li>Galerie photos d&rsquo;<a href=\"http:\/\/guyotvillois.com\/blog\/?p=1223&amp;preview=true\" target=\"_blank\">A\u00efn Benian centre<\/a><\/li>\n<li>Galerie photos d&rsquo;<a href=\"http:\/\/guyotvillois.com\/blog\/?p=1520&amp;preview=true\" target=\"_blank\">A\u00efn Benian C\u00f4te et Mer<\/a><\/li>\n<li>Galerie photos d&rsquo;<a href=\"http:\/\/guyotvillois.com\/blog\/?p=1604&amp;preview=true\" target=\"_blank\">A\u00efn Benian Port et Plages<\/a><\/li>\n<li>Belles photos du Port (2006)\u00a0 sur le site \u00ab\u00a0<a href=\"https:\/\/www.flickr.com\/search\/?text=guyotville&amp;view_all=1\" target=\"_blank\">Flicker<\/a>\u00ab\u00a0<\/li>\n<li>Beau reportage sur la <a href=\"https:\/\/youtu.be\/qoT4QYUykTc\" target=\"_blank\">For\u00eat de Bainem <\/a><\/li>\n<li>Rapport sur l&rsquo;<a href=\"http:\/\/guyotvillois.com\/blog\/2015\/12\/les-plages-dain-benian-autorisees-a-la-baignade-2016\/\" target=\"_blank\">\u00e9tat des plages autoris\u00e9es \u00e0 la baignade<\/a> (2016)<\/li>\n<li>Reportage vid\u00e9o sur le <a href=\"https:\/\/youtu.be\/ZS1KDq3MwNQ\" target=\"_blank\">Phare Cap Caxine (2015)<\/a><\/li>\n<li>Reportage vid\u00e9o sur la <a href=\"https:\/\/www.facebook.com\/Tagma.Rachid\/videos\/10204338769090746\/\" target=\"_blank\">Travers\u00e9e de Guyotville, dont avenue Poincar\u00e9 (2014)<\/a><\/li>\n<li>Vue mer, phare, secca, port: <a href=\"https:\/\/www.facebook.com\/100011496500649\/videos\/547786685614543\/\" target=\"_blank\">vid\u00e9o 2018<\/a><\/li>\n<\/ul>\n","protected":false},"excerpt":{"rendered":"<p>GUYOTVILLE En premier lieu , vous pouvez visionner ici notre PLAN DES RUES DE GUYOTVILLE(1957), dessin\u00e9 par Th\u00e9o Bruand d&rsquo;Uzelle \u00e0 l&rsquo;\u00e9chelle 1\/2500e en 1999 (Cercle alg\u00e9rianiste de Franche Comt\u00e9) le site \u00ab\u00a0r\u00e9f\u00e9rence\u00a0\u00bb de notre secr\u00e9taire Jean-Raymond Di Fina \u00ab\u00a0Bienvenue \u00e0 Guyotville\u00a0\u00bb signez le \u00ab\u00a0livre d&rsquo;or des Guyotvillois\u00a0\u00bb de Jean-Raymond Di Fina le site de &#8230; <a title=\"Guyotville, A\u00efn Benian\" class=\"read-more\" href=\"http:\/\/guyotvillois.com\/blog\/guyotville\/\" aria-label=\"En savoir plus sur Guyotville, A\u00efn Benian\">Lire la suite<\/a><\/p>\n","protected":false},"author":4,"featured_media":0,"parent":0,"menu_order":8,"comment_status":"open","ping_status":"closed","template":"","meta":[],"acf":[],"_links":{"self":[{"href":"http:\/\/guyotvillois.com\/blog\/wp-json\/wp\/v2\/pages\/2"}],"collection":[{"href":"http:\/\/guyotvillois.com\/blog\/wp-json\/wp\/v2\/pages"}],"about":[{"href":"http:\/\/guyotvillois.com\/blog\/wp-json\/wp\/v2\/types\/page"}],"author":[{"embeddable":true,"href":"http:\/\/guyotvillois.com\/blog\/wp-json\/wp\/v2\/users\/4"}],"replies":[{"embeddable":true,"href":"http:\/\/guyotvillois.com\/blog\/wp-json\/wp\/v2\/comments?post=2"}],"version-history":[{"count":60,"href":"http:\/\/guyotvillois.com\/blog\/wp-json\/wp\/v2\/pages\/2\/revisions"}],"predecessor-version":[{"id":3155,"href":"http:\/\/guyotvillois.com\/blog\/wp-json\/wp\/v2\/pages\/2\/revisions\/3155"}],"wp:attachment":[{"href":"http:\/\/guyotvillois.com\/blog\/wp-json\/wp\/v2\/media?parent=2"}],"curies":[{"name":"wp","href":"https:\/\/api.w.org\/{rel}","templated":true}]}}