{"id":1867,"date":"2017-02-03T14:03:09","date_gmt":"2017-02-03T13:03:09","guid":{"rendered":"http:\/\/guyotvillois.com\/blog\/?page_id=1867"},"modified":"2018-09-05T21:43:47","modified_gmt":"2018-09-05T19:43:47","slug":"articles-publies","status":"publish","type":"page","link":"http:\/\/guyotvillois.com\/blog\/articles-publies\/","title":{"rendered":"Tous les articles"},"content":{"rendered":"<ul class=\"lcp_catlist\" id=\"lcp_instance_0\"><li><a href=\"http:\/\/guyotvillois.com\/blog\/2023\/01\/voyage-a-guyotville-sept-2023-sondage-de-participation\/\" target=\"_blank\">Voyage \u00e0 Guyotville (Sept.2023): sondage de participation<\/a>  20\/01\/2023<\/li><li><a href=\"http:\/\/guyotvillois.com\/blog\/2023\/01\/les-voeux-de-lassociation-pour-la-nouvelle-annee\/\" target=\"_blank\">Les voeux de l&rsquo;association pour la nouvelle ann\u00e9e<\/a>  14\/01\/2023<\/li><li><a href=\"http:\/\/guyotvillois.com\/blog\/2022\/11\/assemblee-generale-du-18-11-2022-a-marseille\/\" target=\"_blank\">Assembl\u00e9e G\u00e9n\u00e9rale du 18\/11\/2022 \u00e0 Marseille<\/a>  28\/11\/2022<\/li><li><a href=\"http:\/\/guyotvillois.com\/blog\/2022\/11\/toussaint-2022-a-guyotville\/\" target=\"_blank\">Toussaint 2022 \u00e0 Guyotville<\/a>  03\/11\/2022<\/li><li><a href=\"http:\/\/guyotvillois.com\/blog\/2022\/01\/meilleurs-voeux\/\" target=\"_blank\">Meilleurs voeux<\/a>  19\/01\/2022<\/li><li><a href=\"http:\/\/guyotvillois.com\/blog\/2022\/01\/joyeux-noel-aux-guyotvilloises\/\" target=\"_blank\">Joyeux No\u00ebl aux Guyotvillois(es)<\/a>  01\/01\/2022<\/li><li><a href=\"http:\/\/guyotvillois.com\/blog\/2021\/09\/assemblee-generale-le-mercredi-8-sept-2021-a-sollies-ville\/\" target=\"_blank\">Assembl\u00e9e G\u00e9n\u00e9rale le Mercredi 8 Sept 2021 \u00e0 Solli\u00e9s-Ville<\/a>  05\/09\/2021<\/li><li><a href=\"http:\/\/guyotvillois.com\/blog\/2021\/01\/meilleurs-voeux-2021-aux-anciens-de-guyotville\/\" target=\"_blank\">Meilleurs v\u0153ux 2021 aux \u00ab\u00a0Anciens de Guyotville\u00a0\u00bb<\/a>  06\/01\/2021<\/li><li><a href=\"http:\/\/guyotvillois.com\/blog\/2020\/11\/toussaint-2020-a-guyotville\/\" target=\"_blank\">Toussaint 2020 \u00e0 Guyotville<\/a>  06\/11\/2020<\/li><li><a href=\"http:\/\/guyotvillois.com\/blog\/2020\/08\/assemblee-generale-a-sollies-ville-le-mardi-8-septembre-2020\/\" target=\"_blank\">Prochaine Assembl\u00e9e G\u00e9n\u00e9rale \u00e0 Solli\u00e8s-Ville le Mardi 8 Septembre 2020<\/a>  10\/08\/2020<\/li><li><a href=\"http:\/\/guyotvillois.com\/blog\/2020\/08\/source-insee-tableau-des-deces-de-guyotvillois-a-partir-de-1970\/\" target=\"_blank\">Source INSEE: tableau des d\u00e9c\u00e8s de Guyotvillois en France \u00e0 partir de 1970<\/a>  09\/08\/2020<\/li><li><a href=\"http:\/\/guyotvillois.com\/blog\/2020\/03\/le-dernier-mur-de-securisation-a-ete-construit-25-m-sur-un-total-de-103-m\/\" target=\"_blank\">Le dernier mur de s\u00e9curisation a \u00e9t\u00e9 construit (25 m) sur un total de 103 m &#8230;<\/a>  14\/03\/2020<\/li><li><a href=\"http:\/\/guyotvillois.com\/blog\/2020\/03\/notre-histoire-doit-se-poursuivre\/\" target=\"_blank\">Notre Histoire doit se poursuivre &#8230;RENOUVELEZ VOTRE ADH\u00c9SION<\/a>  09\/03\/2020<\/li><li><a href=\"http:\/\/guyotvillois.com\/blog\/2020\/01\/meilleurs-voeux-2020\/\" target=\"_blank\">Meilleurs V\u0153ux 2020<\/a>  11\/01\/2020<\/li><li><a href=\"http:\/\/guyotvillois.com\/blog\/2020\/01\/dec-2019-debut-des-travaux-du-dernier-mur-4e-surelevation-de-3m-sur-25m\/\" target=\"_blank\">D\u00e9c.2019: D\u00e9but des travaux du dernier mur (4e sur\u00e9l\u00e9vation de 3m sur 25m)<\/a>  10\/01\/2020<\/li><li><a href=\"http:\/\/guyotvillois.com\/blog\/2019\/12\/joyeux-noel-a-tous-les-guyotvilloises\/\" target=\"_blank\">Joyeux No\u00ebl \u00e0 tous les Guyotvillois(es)<\/a>  24\/12\/2019<\/li><li><a href=\"http:\/\/guyotvillois.com\/blog\/2019\/11\/toussaint-2019\/\" target=\"_blank\">Toussaint 2019<\/a>  06\/11\/2019<\/li><li><a href=\"http:\/\/guyotvillois.com\/blog\/2019\/06\/jeudi-20-juin-2019-les-travaux-reprennent-au-cimetiere\/\" target=\"_blank\">Jeudi 20 Juin 2019: les travaux reprennent au cimeti\u00e8re &#8230; (maj:3e mur termin\u00e9 le 15\/09)<\/a>  20\/06\/2019<\/li><li><a href=\"http:\/\/guyotvillois.com\/blog\/2019\/06\/merci-pour-cette-belle-journee-a-gemenos-2019\/\" target=\"_blank\">Merci pour cette belle journ\u00e9e \u00e0 GEMENOS 2019 !<\/a>  11\/06\/2019<\/li><li><a href=\"http:\/\/guyotvillois.com\/blog\/2019\/03\/assemblee-generale-du-samedi-13-avril-2019-a-sausset-les-pins-inscriptions\/\" target=\"_blank\">Assembl\u00e9e G\u00e9n\u00e9rale du Samedi 13 Avril 2019 \u00e0 Sausset-Les-Pins: inscriptions<\/a>  26\/03\/2019<\/li><li><a href=\"http:\/\/guyotvillois.com\/blog\/2019\/02\/pre-inscription-au-sejour-a-guyotville-a-lautomne-2019\/\" target=\"_blank\">Pr\u00e9-inscription au s\u00e9jour \u00e0 Guyotville \u00e0 l&rsquo;automne 2019 (ANNUL\u00c9)<\/a>  12\/02\/2019<\/li><li><a href=\"http:\/\/guyotvillois.com\/blog\/2019\/01\/une-pepite-trouvee-au-cdha-daix-lannuaire-de-1961-a-guyotville\/\" target=\"_blank\">Une p\u00e9pite trouv\u00e9e au CDHA d&rsquo;Aix: L&rsquo;Annuaire de 1961 et 1934 \u00e0 Guyotville<\/a>  27\/01\/2019<\/li><li><a href=\"http:\/\/guyotvillois.com\/blog\/2019\/01\/les-voeux-du-president-andre-perez\/\" target=\"_blank\">Les v\u0153ux du Pr\u00e9sident Andr\u00e9 PEREZ<\/a>  19\/01\/2019<\/li><li><a href=\"http:\/\/guyotvillois.com\/blog\/2018\/12\/annee-2018-le-mot-du-president\/\" target=\"_blank\">BILAN 2018:  Le mot du Pr\u00e9sident<\/a>  13\/12\/2018<\/li><li><a href=\"http:\/\/guyotvillois.com\/blog\/2018\/12\/le-guyotville-ancien-a-travers-les-cartes-postales-cpa\/\" target=\"_blank\">Le Guyotville ancien \u00e0 travers les cartes postales (CPA)<\/a>  06\/12\/2018<\/li><li><a href=\"http:\/\/guyotvillois.com\/blog\/2018\/11\/il-va-bien-falloir-finir-le-travail-on-compte-sur-vous\/\" target=\"_blank\">Il va bien falloir finir le travail ! On compte sur vous !<\/a>  27\/11\/2018<\/li><li><a href=\"http:\/\/guyotvillois.com\/blog\/2018\/11\/centenaire-de-la-grande-guerre-guyotville-et-ses-morts-14-18\/\" target=\"_blank\">Centenaire de la Grande Guerre : Guyotville et ses morts 14\/18<\/a>  11\/11\/2018<\/li><li><a href=\"http:\/\/guyotvillois.com\/blog\/2018\/11\/toussaint-2018-a-guyotville\/\" target=\"_blank\">Toussaint 2018 \u00e0 Guyotville<\/a>  01\/11\/2018<\/li><li><a href=\"http:\/\/guyotvillois.com\/blog\/2018\/10\/un-colissimo-pour-guyotville\/\" target=\"_blank\">Un colissimo pour Guyotville &#8230;<\/a>  21\/10\/2018<\/li><li><a href=\"http:\/\/guyotvillois.com\/blog\/2018\/09\/nos-familles-se-lancent-dans-la-rehabilitation-de-leur-sepultures\/\" target=\"_blank\">Nos familles entreprennent la r\u00e9habilitation de leur s\u00e9pultures<\/a>  23\/09\/2018<\/li><li><a href=\"http:\/\/guyotvillois.com\/blog\/2018\/09\/notre-voyage-se-termine-par-la-pose-dune-gerbe-au-cimetiere\/\" target=\"_blank\">Notre voyage se termine par la pose d&rsquo;une gerbe au cimeti\u00e8re<\/a>  22\/09\/2018<\/li><li><a href=\"http:\/\/guyotvillois.com\/blog\/2018\/09\/notre-guide-prefere-nous-accueille-a-laeroport\/\" target=\"_blank\">Notre guide pr\u00e9f\u00e9r\u00e9 nous accueille \u00e0 l&rsquo;a\u00e9roport<\/a>  14\/09\/2018<\/li><li><a href=\"http:\/\/guyotvillois.com\/blog\/2018\/09\/j-1-depart-pour-guyotville\/\" target=\"_blank\">J-1: D\u00e9part pour Guyotville<\/a>  12\/09\/2018<\/li><li><a href=\"http:\/\/guyotvillois.com\/blog\/2018\/09\/5-sept-2018-fin-des-travaux-de-construction-du-2e-mur-de-cloture\/\" target=\"_blank\">5 Sept 2018: Fin des travaux de construction du 2e mur de cl\u00f4ture<\/a>  05\/09\/2018<\/li><li><a href=\"http:\/\/guyotvillois.com\/blog\/2018\/08\/fin-aout-2018-operation-de-desherbage-au-cimetiere\/\" target=\"_blank\">Fin Ao\u00fbt 2018:  op\u00e9ration de d\u00e9sherbage au cimeti\u00e8re<\/a>  26\/08\/2018<\/li><li><a href=\"http:\/\/guyotvillois.com\/blog\/2018\/07\/aout-2018-les-travaux-reprennent-au-cimetiere\/\" target=\"_blank\">Ao\u00fbt 2018: les travaux reprennent au cimeti\u00e8re<\/a>  30\/07\/2018<\/li><li><a href=\"http:\/\/guyotvillois.com\/blog\/2018\/07\/visas-pour-le-voyage-du-14-au-19-septembre-2018\/\" target=\"_blank\">Visas pour le voyage du 14 au 19 Septembre 2018<\/a>  30\/07\/2018<\/li><li><a href=\"http:\/\/guyotvillois.com\/blog\/2018\/07\/nouvelle-adresse-de-lassociation\/\" target=\"_blank\">Nouvelle adresse de l&rsquo;association \u00e0 Marignane (13)<\/a>  25\/07\/2018<\/li><li><a href=\"http:\/\/guyotvillois.com\/blog\/2018\/04\/2e-etape-de-securisation-surelevation-du-mur-du-haut-du-cimetiere\/\" target=\"_blank\">Avril-Mai 2018: 2e \u00e9tape de s\u00e9curisation: premi\u00e8re sur\u00e9l\u00e9vation du mur du haut du cimeti\u00e8re<\/a>  27\/04\/2018<\/li><li><a href=\"http:\/\/guyotvillois.com\/blog\/2018\/03\/la-pose-des-nouveaux-portails-du-cimetiere-est-terminee\/\" target=\"_blank\">La pose des nouveaux portails du cimeti\u00e8re est termin\u00e9e !<\/a>  31\/03\/2018<\/li><li><a href=\"http:\/\/guyotvillois.com\/blog\/2018\/03\/si-vous-etes-interessee-par-le-voyage-a-guyotville-au-mois-de-sept-2018\/\" target=\"_blank\">Participez au voyage \u00e0 Guyotville au mois de Sept 2018<\/a>  12\/03\/2018<\/li><li><a href=\"http:\/\/guyotvillois.com\/blog\/2018\/02\/andre-constantino-et-son-accordeon-de-retour-sur-youtube\/\" target=\"_blank\">Andr\u00e9 Constantino et son accord\u00e9on de retour sur \u00ab\u00a0youtube\u00a0\u00bb<\/a>  14\/02\/2018<\/li><li><a href=\"http:\/\/guyotvillois.com\/blog\/2018\/02\/24-sept-2017-videos-de-la-madrague\/\" target=\"_blank\">24 Sept 2017 &#8211; vid\u00e9o de La Madrague<\/a>  05\/02\/2018<\/li><li><a href=\"http:\/\/guyotvillois.com\/blog\/2018\/02\/24-sept-2017-video-de-plages-de-guyotville\/\" target=\"_blank\">24 Sept 2017- Vid\u00e9o de plages de Guyotville<\/a>  05\/02\/2018<\/li><li><a href=\"http:\/\/guyotvillois.com\/blog\/2018\/02\/travaux-au-cimetiere-nous-avons-commande-deux-nouveaux-portails\/\" target=\"_blank\">Travaux au cimeti\u00e8re: nous avons command\u00e9 deux nouveaux portails<\/a>  01\/02\/2018<\/li><li><a href=\"http:\/\/guyotvillois.com\/blog\/2018\/02\/le-livre-du-voyage-a-guyotville-en-sept-2017-avec-les-voeux-du-president\/\" target=\"_blank\">Le Livre du Voyage \u00e0 Guyotville en Sept 2017 avec les voeux du Pr\u00e9sident<\/a>  01\/02\/2018<\/li><li><a href=\"http:\/\/guyotvillois.com\/blog\/2018\/01\/bonne-annee-2018\/\" target=\"_blank\">Bonne Ann\u00e9e 2018 !<\/a>  08\/01\/2018<\/li><li><a href=\"http:\/\/guyotvillois.com\/blog\/2017\/12\/toutes-les-videos-du-colloque-sur-la-transmission-de-la-memoire-pied-noire-du-18-11-2017\/\" target=\"_blank\">Toutes les vid\u00e9os du Colloque sur la transmission de la m\u00e9moire pied-noire du 18\/11\/2017<\/a>  25\/12\/2017<\/li><li><a href=\"http:\/\/guyotvillois.com\/blog\/2017\/12\/joyeux-noel-a-tous\/\" target=\"_blank\">JOYEUX NOEL \u00e0 tous !<\/a>  23\/12\/2017<\/li><li><a href=\"http:\/\/guyotvillois.com\/blog\/2017\/12\/55-ans-apres-lexil-quont-transmis-les-pieds-noirs-a-leurs-enfants\/\" target=\"_blank\">55 ans apr\u00e8s l&rsquo;exil, qu&rsquo;ont transmis les Pieds-Noirs \u00e0 leurs enfants?<\/a>  10\/12\/2017<\/li><li><a href=\"http:\/\/guyotvillois.com\/blog\/2017\/11\/jeudi-23-11-elections-municipales-apc-le-ffs-a-gagne-a-ain-benian-ex-guyotville\/\" target=\"_blank\">Jeudi 23 Nov 2017 :  \u00e9lections municipales APC &#8211; le FFS est arriv\u00e9 en t\u00eate \u00e0 A\u00efn B\u00e9nian (ex-Guyotville)<\/a>  25\/11\/2017<\/li><li><a href=\"http:\/\/guyotvillois.com\/blog\/2017\/11\/sept-2017-le-but-du-voyage-revoir-notre-cimetiere-de-guyotville\/\" target=\"_blank\">Sept 2017- Le but du voyage : revoir notre cimeti\u00e8re de Guyotville (reportage photos)<\/a>  14\/11\/2017<\/li><li><a href=\"http:\/\/guyotvillois.com\/blog\/2017\/11\/27-sept-2017-en-venant-de-staoueli-vers-le-port-de-la-madrague-el-djamila\/\" target=\"_blank\">27 Sept 2017 &#8211; En venant de Staoueli vers le port de La Madrague (El Djamila)<\/a>  11\/11\/2017<\/li><li><a href=\"http:\/\/guyotvillois.com\/blog\/2017\/11\/monument-aux-morts-1418-de-guyotville-liste-des-victimes\/\" target=\"_blank\">Monument aux Morts de Guyotville: liste des 57 victimes de la \u00ab\u00a0grande guerre\u00a0\u00bb<\/a>  11\/11\/2017<\/li><li><a href=\"http:\/\/guyotvillois.com\/blog\/2017\/11\/24-sept-2017-un-beau-dimanche-a-guyotville\/\" target=\"_blank\">24 Sept 2017- un beau Dimanche \u00e0 Guyotville<\/a>  05\/11\/2017<\/li><li><a href=\"http:\/\/guyotvillois.com\/blog\/2017\/11\/24-sept-2017-du-grand-rocher-a-la-plage-la-fontaine-par-la-ville-nouvelle\/\" target=\"_blank\">24 Sept 2017 &#8211; du \u00ab\u00a0Grand Rocher\u00a0\u00bb \u00e0 la plage \u00ab\u00a0La Fontaine\u00a0\u00bb par la ville nouvelle<\/a>  05\/11\/2017<\/li><li><a href=\"http:\/\/guyotvillois.com\/blog\/2017\/11\/28-sept-2017-de-la-pointe-pescade-a-st-eugene-par-la-corniche\/\" target=\"_blank\">28 Sept 2017- de la Pointe Pescade \u00e0 St Eug\u00e9ne par la \u00ab\u00a0corniche\u00a0\u00bb<\/a>  05\/11\/2017<\/li><li><a href=\"http:\/\/guyotvillois.com\/blog\/2017\/11\/nos-morts-ont-ete-honores-cette-annee-au-passage-dun-groupe-de-guyotvillois\/\" target=\"_blank\">Nos morts ont \u00e9t\u00e9 honor\u00e9s cette ann\u00e9e au passage de notre groupe de \u00ab\u00a0guyotvillois\u00a0\u00bb<\/a>  03\/11\/2017<\/li><li><a href=\"http:\/\/guyotvillois.com\/blog\/2017\/10\/28-sept-2017-un-pretre-espagnol-nous-attend-a-notre-dame-dafrique\/\" target=\"_blank\">28 Sept 2017 &#8211; Un pr\u00eatre espagnol nous attendait \u00e0 Notre-Dame d&rsquo;Afrique<\/a>  21\/10\/2017<\/li><li><a href=\"http:\/\/guyotvillois.com\/blog\/2017\/10\/27-sept-2017-direction-sidi-ferruch\/\" target=\"_blank\">27 Sept 2017 &#8211; Direction Sidi Ferruch<\/a>  21\/10\/2017<\/li><li><a href=\"http:\/\/guyotvillois.com\/blog\/2017\/10\/26-sept-2017-notre-guideenfant-de-la-casbah-dalger-nous-la-faite-visiter\/\" target=\"_blank\">26 Sept 2017 &#8211; notre guide,enfant de la Casbah d&rsquo;Alger, nous l&rsquo;a faite visiter<\/a>  21\/10\/2017<\/li><li><a href=\"http:\/\/guyotvillois.com\/blog\/2017\/10\/mardi-26-sept-2017-au-sommet-du-phare-de-cap-caxine-un-grand-spectacle\/\" target=\"_blank\">26 Sept 2017- Au sommet du phare de Cap Caxine, pour le grand spectacle&#8230;<\/a>  21\/10\/2017<\/li><li><a href=\"http:\/\/guyotvillois.com\/blog\/2017\/10\/24-sept-2017-de-la-plage-la-fontaine-a-la-madrague-en-bus\/\" target=\"_blank\">24 Sept 2017 &#8211; de la plage \u00ab\u00a0La Fontaine\u00a0\u00bb \u00e0 la \u00ab\u00a0Madrague\u00a0\u00bb en bus<\/a>  20\/10\/2017<\/li><li><a href=\"http:\/\/guyotvillois.com\/blog\/2017\/10\/le-phare-de-cap-caxine-un-monument-historique-qui-fonctionne-depuis-1868\/\" target=\"_blank\">Le phare de Cap Caxine: un monument historique qui fonctionne depuis 1868<\/a>  18\/10\/2017<\/li><li><a href=\"http:\/\/guyotvillois.com\/blog\/2017\/10\/vendredi-6-octobre-pose-de-la-1ere-pierre-du-conservatoire-national-memoire-afn\/\" target=\"_blank\">Vendredi 6 Octobre: pose de la 1\u00e9re pierre du Conservatoire National M\u00e9moire AFN<\/a>  05\/10\/2017<\/li><li><a href=\"http:\/\/guyotvillois.com\/blog\/2017\/10\/13-septembre-1973-enterrement-du-poete-jean-senac-au-cimetiere-de-guyotville\/\" target=\"_blank\">13 Sept 1973 &#8211; Enterrement du po\u00e8te Jean S\u00e9nac au cimeti\u00e8re de Guyotville<\/a>  04\/10\/2017<\/li><li><a href=\"http:\/\/guyotvillois.com\/blog\/2017\/09\/quelques-videos-2017-en-attendant-prochainement-nos-propres-videos-sur-place\/\" target=\"_blank\">Quelques vid\u00e9os 2017 &#8230; en attendant prochainement nos propres vid\u00e9os sur place<\/a>  10\/09\/2017<\/li><li><a href=\"http:\/\/guyotvillois.com\/blog\/2017\/09\/la-madrague-mise-en-service-du-bateau-restaurant-le-dauphin-28082017\/\" target=\"_blank\">La Madrague : mise en service du bateau-restaurant \u00ab\u00a0Le Dauphin\u00a0\u00bb (28\/08\/2017)<\/a>  09\/09\/2017<\/li><li><a href=\"http:\/\/guyotvillois.com\/blog\/2017\/09\/que-va-devenir-lancien-cimetiere-chretien-de-staoueli-apres-son-regroupement\/\" target=\"_blank\">Que va devenir l&rsquo;ancien cimeti\u00e8re chr\u00e9tien de Staoueli apr\u00e8s son regroupement ?<\/a>  09\/09\/2017<\/li><li><a href=\"http:\/\/guyotvillois.com\/blog\/2017\/07\/guyotville-centre-projet-le-patio-170-appartements-de-haut-standing\/\" target=\"_blank\">Guyotville-Centre:  Projet \u00ab\u00a0Le PATIO\u00a0\u00bb &#8211; 170 appartements de Haut Standing<\/a>  15\/07\/2017<\/li><li><a href=\"http:\/\/guyotvillois.com\/blog\/2017\/07\/voyage-a-guyotville-du-22-au-25-mai-2017-dandre-perezpresid-fondateur\/\" target=\"_blank\">Compte-rendu Voyage \u00e0 Guyotville du 22 au 25 Mai 2017 d&rsquo;Andr\u00e9 Perez(Pr\u00e9sid.Fondateur)<\/a>  02\/07\/2017<\/li><li><a href=\"http:\/\/guyotvillois.com\/blog\/2017\/06\/questionnaire-sur-un-voyage-a-guyotville-en-septembre-2017\/\" target=\"_blank\">Rejoignez le voyage \u00e0 GUYOTVILLE de Septembre 2017 (5 places restantes)<\/a>  23\/06\/2017<\/li><li><a href=\"http:\/\/guyotvillois.com\/blog\/2017\/06\/travaux-de-desherbage-en-cours-au-cimetiere-de-guyotville\/\" target=\"_blank\">Les travaux de d\u00e9sherbage sont en cours au cimeti\u00e8re de Guyotville<\/a>  19\/06\/2017<\/li><li><a href=\"http:\/\/guyotvillois.com\/blog\/2017\/06\/gemenos-2017\/\" target=\"_blank\">GEMENOS 2017- La Pentec\u00f4te avec les \u00ab\u00a0Anciens Guyotvillois\u00a0\u00bb<\/a>  09\/06\/2017<\/li><li><a href=\"http:\/\/guyotvillois.com\/blog\/2017\/06\/reunion-du-bureau-du-2-juin-2017\/\" target=\"_blank\">R\u00e9union du Bureau du 2 Juin 2017<\/a>  09\/06\/2017<\/li><li><a href=\"http:\/\/guyotvillois.com\/blog\/2017\/05\/la-fete-des-meres-poeme-ecrit-et-dit\/\" target=\"_blank\">\u00ab\u00a0La F\u00eate des M\u00e8res\u00a0\u00bb &#8211; po\u00e8me \u00e9crit et dit<\/a>  24\/05\/2017<\/li><li><a href=\"http:\/\/guyotvillois.com\/blog\/2017\/05\/ecole-des-filles-de-guyotville-la-destruction-a-commencee\/\" target=\"_blank\">Ecole des Filles de Guyotville: la destruction a commenc\u00e9e<\/a>  24\/05\/2017<\/li><li><a href=\"http:\/\/guyotvillois.com\/blog\/2017\/05\/reunion-du-bureau-du-15-mai-2017\/\" target=\"_blank\">R\u00e9union du Bureau du 15 Mai 2017<\/a>  18\/05\/2017<\/li><li><a href=\"http:\/\/guyotvillois.com\/blog\/2017\/05\/tipaza-patrimoine-mondial-de-lunesco\/\" target=\"_blank\">Tipaza: Patrimoine Mondial de l&rsquo;UNESCO<\/a>  04\/05\/2017<\/li><li><a href=\"http:\/\/guyotvillois.com\/blog\/2017\/04\/joyeuses-paques\/\" target=\"_blank\">Joyeuses P\u00e2ques !<\/a>  15\/04\/2017<\/li><li><a href=\"http:\/\/guyotvillois.com\/blog\/2017\/04\/jean-luc-melenchon-voici-lacte-de-naissance-de-sa-grand-mere-a-guyotville\/\" target=\"_blank\">Jean-Luc M\u00c9LENCHON: voici l&rsquo;acte de naissance de sa grand-m\u00e8re \u00e0 Guyotville ++<\/a>  13\/04\/2017<\/li><li><a href=\"http:\/\/guyotvillois.com\/blog\/2017\/04\/reunion-du-bureau-du-10-avril-deplacement-de-travail-prevu-pour-le-9-mai-a-guyotville\/\" target=\"_blank\">R\u00e9union du Bureau du 10 Avril : d\u00e9placement de travail pr\u00e9vu pour le 22 Mai \u00e0 Guyotville<\/a>  13\/04\/2017<\/li><li><a href=\"http:\/\/guyotvillois.com\/blog\/2017\/04\/article-sur-2-colonnes\/\" target=\"_blank\">Guyotvillois, Participez maintenant \u00e0 notre projet 2017 !<\/a>  12\/04\/2017<\/li><li><a href=\"http:\/\/guyotvillois.com\/blog\/2017\/03\/la-madrague-accessible-par-la-mer-avec-la-navette-alger-guyotville\/\" target=\"_blank\">La Madrague accessible par la mer avec la navette: Alger-Guyotville<\/a>  27\/03\/2017<\/li><li><a href=\"http:\/\/guyotvillois.com\/blog\/2017\/03\/le-nouvel-ambassadeur-de-france-en-algerie-officiellement-agree\/\" target=\"_blank\">Le nouvel ambassadeur de France en Alg\u00e9rie officiellement agr\u00e9\u00e9<\/a>  10\/03\/2017<\/li><li><a href=\"http:\/\/guyotvillois.com\/blog\/2017\/03\/cimetiere-de-regroupement-del-biar-15-cimetieres-supprimes-autour-de-guyotville\/\" target=\"_blank\">Cimeti\u00e8re de regroupement d&rsquo;EL BIAR: 15 cimeti\u00e8res supprim\u00e9s autour de Guyotville<\/a>  08\/03\/2017<\/li><li><a href=\"http:\/\/guyotvillois.com\/blog\/2017\/03\/a-lire-monographie-de-83-pages-sur-notre-village-de-guyotville-datant-de-1903-par-le-professeur-v-demontes\/\" target=\"_blank\">A lire : Monographie de 83 pages sur notre village de Guyotville datant de  1903 par le professeur V. Demont\u00e9s<\/a>  03\/03\/2017<\/li><li><a href=\"http:\/\/guyotvillois.com\/blog\/2017\/03\/guyotville-dans-lannuaire-gouillon-de-1880\/\" target=\"_blank\">GUYOTVILLE dans l&rsquo;Annuaire Gouillon de 1880<\/a>  03\/03\/2017<\/li><li><a href=\"http:\/\/guyotvillois.com\/blog\/2017\/02\/petite-parenthese-personnelle-oursinade-a-carry-le-rouet-ce-week-end\/\" target=\"_blank\">Petite parenth\u00e8se personnelle: Oursinade \u00e0 Carry-le-Rouet ce week-end (26\/02)<\/a>  27\/02\/2017<\/li><li><a href=\"http:\/\/guyotvillois.com\/blog\/2017\/02\/vers-la-facilitation-doctroi-de-visa-aux-etrangers\/\" target=\"_blank\">Vers la facilitation d\u2019octroi de visa pour l&rsquo;Alg\u00e9rie aux \u00e9trangers<\/a>  15\/02\/2017<\/li><li><a href=\"http:\/\/guyotvillois.com\/blog\/2017\/02\/elections-2017-en-algerie\/\" target=\"_blank\">Elections de Mai 2017 en Alg\u00e9rie: \u00e0 suivre sur les journaux alg\u00e9riens<\/a>  13\/02\/2017<\/li><li><a href=\"http:\/\/guyotvillois.com\/blog\/2017\/02\/un-algerien-demande-de-laide-pour-la-restauration-dun-cimetiere-chretien\/\" target=\"_blank\">Un alg\u00e9rien demande de l&rsquo;aide pour la restauration d&rsquo;un cimeti\u00e8re chr\u00e9tien<\/a>  10\/02\/2017<\/li><li><a href=\"http:\/\/guyotvillois.com\/blog\/2017\/02\/regroupements-des-cimetieres-du-departementwilaya-dalger\/\" target=\"_blank\">Regroupements des cimeti\u00e8res du d\u00e9partement(wilaya) d&rsquo;Alger<\/a>  03\/02\/2017<\/li><li><a href=\"http:\/\/guyotvillois.com\/blog\/2017\/02\/archives-anom-tableau-des-deces-a-guyotville-de-1860-a-1904\/\" target=\"_blank\">Archives ANOM: tableau des d\u00e9c\u00e8s \u00e0 Guyotville de 1860 \u00e0 1904<\/a>  01\/02\/2017<\/li><li><a href=\"http:\/\/guyotvillois.com\/blog\/2017\/01\/reunion-du-bureau-du-30012017\/\" target=\"_blank\">R\u00e9union du bureau du 30\/01\/2017<\/a>  31\/01\/2017<\/li><li><a href=\"http:\/\/guyotvillois.com\/blog\/2017\/01\/petit-voyage-en-bus-par-la-corniche-les-2-moulins-a-hammamet\/\" target=\"_blank\">Petit voyage en bus par la corniche : Les 2 moulins \u00e0 Hammamet<\/a>  28\/01\/2017<\/li><li><a href=\"http:\/\/guyotvillois.com\/blog\/2017\/01\/ce-mois-ci-un-des-genereux-donateurs-de-guyotville-nous-envoie-une-de-ses-poesies\/\" target=\"_blank\">Ce mois-ci un des g\u00e9n\u00e9reux donateurs de Guyotville, nous gratifie aussi d&rsquo;une de ses po\u00e9sies<\/a>  24\/01\/2017<\/li><li><a href=\"http:\/\/guyotvillois.com\/blog\/2016\/11\/une-reussite-expliquee-plus-de-10-ans-de-restauration-du-cimetiere-de-la-calle-bone\/\" target=\"_blank\">Un exemple \u00e0 suivre: la r\u00e9ussite de restauration du cimeti\u00e8re de La Calle (B\u00f4ne)<\/a>  26\/11\/2016<\/li><li><a href=\"http:\/\/guyotvillois.com\/blog\/2017\/02\/archives-anom-tableau-des-mariages-a-guyotville-1860-a-1905\/\" target=\"_blank\">Archives ANOM: Tableau des Mariages \u00e0 Guyotville (1860 \u00e0 1905)<\/a>  28\/02\/2017<\/li><li><a href=\"http:\/\/guyotvillois.com\/blog\/2017\/02\/roland-simounet-celebre-architecte-de-guyotville-1926-1996\/\" target=\"_blank\">Roland SIMOUNET : c\u00e9l\u00e8bre architecte de Guyotville (1926-1996)<\/a>  28\/02\/2017<\/li><li><a href=\"http:\/\/guyotvillois.com\/blog\/2017\/02\/gracias-alicante-video-dune-journee-emouvante-en-espagne\/\" target=\"_blank\">\u00a1Gracias Alicante! (vid\u00e9o d&rsquo;une journ\u00e9e \u00e9mouvante en Espagne)<\/a>  15\/02\/2017<\/li><\/ul><ul class='lcp_paginator'><li class='lcp_currentpage'>1<\/li><li><a href='http:\/\/guyotvillois.com\/blog\/wp-json\/wp\/v2\/pages\/1867?lcp_page0=2#lcp_instance_0' title='2'>2<\/a><\/li><li><a href='http:\/\/guyotvillois.com\/blog\/wp-json\/wp\/v2\/pages\/1867?lcp_page0=2#lcp_instance_0' title='2' class='lcp_nextlink'>>><\/a><\/li><\/ul>\n","protected":false},"excerpt":{"rendered":"Voyage \u00e0 Guyotville (Sept.2023): sondage de participation 20\/01\/2023Les voeux de l&rsquo;association pour la nouvelle ann\u00e9e 14\/01\/2023Assembl\u00e9e G\u00e9n\u00e9rale du 18\/11\/2022 \u00e0 Marseille 28\/11\/2022Toussaint 2022 \u00e0 Guyotville 03\/11\/2022Meilleurs voeux 19\/01\/2022Joyeux No\u00ebl aux Guyotvillois(es) 01\/01\/2022Assembl\u00e9e G\u00e9n\u00e9rale le Mercredi 8 Sept 2021 \u00e0 Solli\u00e9s-Ville 05\/09\/2021Meilleurs v\u0153ux 2021 aux \u00ab\u00a0Anciens de Guyotville\u00a0\u00bb 06\/01\/2021Toussaint 2020 \u00e0 Guyotville 06\/11\/2020Prochaine Assembl\u00e9e G\u00e9n\u00e9rale \u00e0 ... <a title=\"Tous les articles\" class=\"read-more\" href=\"http:\/\/guyotvillois.com\/blog\/articles-publies\/\" aria-label=\"En savoir plus sur Tous les articles\">Lire la suite<\/a>","protected":false},"author":4,"featured_media":0,"parent":0,"menu_order":0,"comment_status":"closed","ping_status":"closed","template":"","meta":[],"acf":[],"_links":{"self":[{"href":"http:\/\/guyotvillois.com\/blog\/wp-json\/wp\/v2\/pages\/1867"}],"collection":[{"href":"http:\/\/guyotvillois.com\/blog\/wp-json\/wp\/v2\/pages"}],"about":[{"href":"http:\/\/guyotvillois.com\/blog\/wp-json\/wp\/v2\/types\/page"}],"author":[{"embeddable":true,"href":"http:\/\/guyotvillois.com\/blog\/wp-json\/wp\/v2\/users\/4"}],"replies":[{"embeddable":true,"href":"http:\/\/guyotvillois.com\/blog\/wp-json\/wp\/v2\/comments?post=1867"}],"version-history":[{"count":10,"href":"http:\/\/guyotvillois.com\/blog\/wp-json\/wp\/v2\/pages\/1867\/revisions"}],"predecessor-version":[{"id":3026,"href":"http:\/\/guyotvillois.com\/blog\/wp-json\/wp\/v2\/pages\/1867\/revisions\/3026"}],"wp:attachment":[{"href":"http:\/\/guyotvillois.com\/blog\/wp-json\/wp\/v2\/media?parent=1867"}],"curies":[{"name":"wp","href":"https:\/\/api.w.org\/{rel}","templated":true}]}}