{"id":172,"date":"2016-11-09T11:03:07","date_gmt":"2016-11-09T10:03:07","guid":{"rendered":"http:\/\/guyotvillois.com\/blog\/?page_id=172"},"modified":"2025-01-13T23:31:31","modified_gmt":"2025-01-13T22:31:31","slug":"adhesions","status":"publish","type":"page","link":"http:\/\/guyotvillois.com\/blog\/adhesions\/","title":{"rendered":"Cotiser, Faire un don (2025)"},"content":{"rendered":"<p>Gr\u00e2ce \u00e0 nos efforts, \u00e0 votre participation financi\u00e8re et votre soutien moral, tous ensemble nous avons sauv\u00e9 les restes de nos racines.<br>La r\u00e9habilitation du cimeti\u00e8re, lieu de notre m\u00e9moire collective o\u00f9 reposent ces pionniers qui ont cr\u00e9\u00e9 notre village, a pu commencer.<br>Gr\u00e2ce \u00e0 vous tous, nous avons engag\u00e9s en 2017\/2018\/2019\/2020\/2022\/2023\/2024 les travaux n\u00e9cessaires \u00e0 la sauvegarde de notre terre d\u2019Afrique et nous avons pu atteindre l\u2019objectif de p\u00e9rennisation de ce site cher \u00e0 notre histoire.<br>Nous comptons sur vous pour continuer et finir les travaux d\u00e9s le d\u00e9but de l&rsquo;ann\u00e9e 2025.<\/p>\n<p>Merci de votre aide ! Rejoignez les dizaines de \u00ab\u00a0guyotvillois\u00a0\u00bb qui nous soutiennent.<\/p>\n<p><span style=\"color: #000000;\">&#8211; <span style=\"color: #3366ff;\"><a style=\"color: #3366ff;\" href=\"https:\/\/www.helloasso.com\/associations\/a-la-memoire-de-nos-anciens-de-guyotville\/adhesions\/securisation-et-restauration-du-cimetiere-chretien-de-guyotville-algerie-2025\" target=\"_blank\" rel=\"noopener noreferrer\">Pour adh\u00e9rez (cotisation) et\/ou faire un Don par CB s\u00e9curis\u00e9 via le site Helloasso (cliquez ICI)<\/a><\/span><\/span><\/p>\n<p style=\"padding-left: 30px;\"><span style=\"color: #000000;\">(ce site collaboratif est exclusivement d\u00e9di\u00e9 \u00e0 la gestion de la collecte gratuite de fonds en faveur des associations)<\/span><\/p>\n<p><strong>Vous pouvez d\u00e9s maintenant adh\u00e9rez et\/ou faire un DON pour participer aux travaux de l&rsquo;ann\u00e9e 2025, ci-dessous:<\/strong><\/p>\n<p><\/p>\n\n\n<iframe id=\"haWidget\" allowtransparency=\"true\" scrolling=\"auto\" src=\"https:\/\/www.helloasso.com\/associations\/a-la-memoire-de-nos-anciens-de-guyotville\/adhesions\/securisation-et-restauration-du-cimetiere-chretien-de-guyotville-algerie-2025\/widget\" style=\"width: 100%; height: 750px; border: none;\"><\/iframe>\n\n\n\n<p><\/p>\n\n\n\n<p>&#8211; <a href=\"http:\/\/www.guyotvillois.com\/docs\/Bulletin-adhesion-2019.pdf\" target=\"_blank\" rel=\"noreferrer noopener\">Faire un Don par ch\u00e8que &amp; Bulletin d&rsquo;Adh\u00e9sion<\/a><\/p>\n\n\n\n<p>&#8211; Faire un Don par Virement Bancaire (<a href=\"http:\/\/guyotvillois.com\/blog\/nous-contacter\/\" target=\"_blank\" rel=\"noreferrer noopener\">nous contacter<\/a> pour demander notre RIB)<\/p>\n\n\n\n<p>Vous pouvez \u00ab\u00a0<a href=\"http:\/\/guyotvillois.com\/blog\/nous-contacter\/\" target=\"_blank\" rel=\"noreferrer noopener\">nous contacter<\/a>\u00a0\u00bb et faire une promesse de don en nous \u00e9crivant<a href=\"http:\/\/guyotvillois.com\/blog\/nous-contacter\/\" target=\"_blank\" rel=\"noreferrer noopener\"> ici<\/a>, nous vous contacterons.<\/p>\n\n\n\n<p>LETTRE DE REMERCIEMENTS AUX DONATEURS<\/p>\n\n\n\n<p>Chers amis,<\/p>\n\n\n\n<p>Qu\u2019il est loin le temps de la d\u00e9couverte, en 2008, de l\u2019\u00e9tat de notre cimeti\u00e8re de Guyotville, actuellement \u00ab cimeti\u00e8re chr\u00e9tien d \u2018A\u00efn Benian \u00bb.<br>Loin le temps o\u00f9 nous sommes intervenus avec succ\u00e8s aupr\u00e8s de Mme DELABRE Marie-Madeleine, Consule G\u00e9n\u00e9rale Adjointe \u00e0 Alger, qui a obtenu l\u2019annulation du regroupement de ce cimeti\u00e8re vers celui d\u2019El Biar.<\/p>\n\n\n\n<p>Gr\u00e2ce \u00e0 nos efforts, \u00e0 votre participation financi\u00e8re et votre soutien moral, tous ensemble nous avons sauv\u00e9 les restes de nos racines.<\/p>\n\n\n\n<p>La r\u00e9habilitation du cimeti\u00e8re, lieu de notre m\u00e9moire collective o\u00f9 reposent ces pionniers qui ont cr\u00e9\u00e9 notre village, a pu commencer.<\/p>\n\n\n\n<p>Gr\u00e2ce \u00e0 vous tous, nous avons engag\u00e9s les travaux n\u00e9cessaires \u00e0 la sauvegarde de notre terre d\u2019Afrique et nous avons pu atteindre l\u2019objectif de p\u00e9rennisation de ce site cher \u00e0 notre histoire.<\/p>\n\n\n\n<p>Merci.<br>Merci mille fois pour votre g\u00e9n\u00e9rosit\u00e9.<br>La s\u00e8ve de notre pr\u00e9sence en Alg\u00e9rie restera enfin implant\u00e9e dans notre terre pour l\u2019\u00e9ternit\u00e9.<\/p>\n\n\n\n<p>D\u2019ores et d\u00e9j\u00e0, chacun peut aller visiter notre cimeti\u00e8re, \u00e0 la m\u00e9moire de nos anciens.<\/p>\n\n\n\n<p>Avec les remerciements des membres du Bureau (2025)<br>Jean-Raymond Di Fina, Andr\u00e9 Perez,Jean-Fran\u00e7ois Giner, Bernard Costa, Pierre-Jean Escales<\/p>\n\n\n\n<p><br>Le Pr\u00e9sident<\/p>\n","protected":false},"excerpt":{"rendered":"<p>Gr\u00e2ce \u00e0 nos efforts, \u00e0 votre participation financi\u00e8re et votre soutien moral, tous ensemble nous avons sauv\u00e9 les restes de nos racines.La r\u00e9habilitation du cimeti\u00e8re, lieu de notre m\u00e9moire collective o\u00f9 reposent ces pionniers qui ont cr\u00e9\u00e9 notre village, a pu commencer.Gr\u00e2ce \u00e0 vous tous, nous avons engag\u00e9s en 2017\/2018\/2019\/2020\/2022\/2023\/2024 les travaux n\u00e9cessaires \u00e0 la &#8230; <a title=\"Cotiser, Faire un don (2025)\" class=\"read-more\" href=\"http:\/\/guyotvillois.com\/blog\/adhesions\/\" aria-label=\"En savoir plus sur Cotiser, Faire un don (2025)\">Lire la suite<\/a><\/p>\n","protected":false},"author":4,"featured_media":0,"parent":0,"menu_order":3,"comment_status":"closed","ping_status":"closed","template":"","meta":[],"acf":[],"_links":{"self":[{"href":"http:\/\/guyotvillois.com\/blog\/wp-json\/wp\/v2\/pages\/172"}],"collection":[{"href":"http:\/\/guyotvillois.com\/blog\/wp-json\/wp\/v2\/pages"}],"about":[{"href":"http:\/\/guyotvillois.com\/blog\/wp-json\/wp\/v2\/types\/page"}],"author":[{"embeddable":true,"href":"http:\/\/guyotvillois.com\/blog\/wp-json\/wp\/v2\/users\/4"}],"replies":[{"embeddable":true,"href":"http:\/\/guyotvillois.com\/blog\/wp-json\/wp\/v2\/comments?post=172"}],"version-history":[{"count":85,"href":"http:\/\/guyotvillois.com\/blog\/wp-json\/wp\/v2\/pages\/172\/revisions"}],"predecessor-version":[{"id":3678,"href":"http:\/\/guyotvillois.com\/blog\/wp-json\/wp\/v2\/pages\/172\/revisions\/3678"}],"wp:attachment":[{"href":"http:\/\/guyotvillois.com\/blog\/wp-json\/wp\/v2\/media?parent=172"}],"curies":[{"name":"wp","href":"https:\/\/api.w.org\/{rel}","templated":true}]}}