{"id":129,"date":"2016-11-08T22:07:00","date_gmt":"2016-11-08T21:07:00","guid":{"rendered":"http:\/\/guyotvillois.com\/blog\/?page_id=129"},"modified":"2022-11-02T11:11:45","modified_gmt":"2022-11-02T10:11:45","slug":"association","status":"publish","type":"page","link":"http:\/\/guyotvillois.com\/blog\/association\/","title":{"rendered":"L&rsquo;association"},"content":{"rendered":"<h5 style=\"text-align: center;\"><span style=\"color: #3366ff;\"><a style=\"color: #3366ff;\" href=\"http:\/\/guyotvillois.com\/blog\/wp-content\/uploads\/2016\/11\/logo.png\"><em><strong>A LA MEMOIRE DE NOS ANCIENS DE GUYOTVILLE<\/strong><\/em><\/a><\/span><\/h5>\n<h5><strong>Objet<\/strong> :<\/h5>\n<h5>R\u00e9habiliter, s\u00e9curiser et remettre en bon \u00e9tat fonctionnel le cimeti\u00e8re europ\u00e9en anciennement de Guyotville (Alg\u00e9rie) et aujourd\u2019hui d\u2019Ain B\u00e9nian. D\u2019effectuer les recherches n\u00e9cessaires pour d\u00e9terminer ce que sont devenues et o\u00f9 ont \u00e9t\u00e9 d\u00e9plac\u00e9es les d\u00e9pouilles mortelles du carr\u00e9 r\u00e9serv\u00e9 aux morts pour la France. Cette association s\u2019interdit d\u2019organiser des r\u00e9unions festives de ses membres.<\/h5>\n<h5 style=\"text-align: center;\">Site web\u00a0: <a href=\"http:\/\/cimetiere.guyotville.free.fr\" target=\"_blank\" rel=\"noopener noreferrer\">cimetiere de Guyotville<\/a><\/h5>\n<p><a href=\"http:\/\/www.guyotvillois.com\/docs\/Journal-officiel-2011.pdf\" target=\"_blank\" rel=\"noopener noreferrer\">Journal Officiel du 26\/11\/2011<\/a> et <a href=\"http:\/\/www.guyotvillois.com\/docs\/SIRENE-Avis-situation-assoc.pdf\" target=\"_blank\" rel=\"noopener noreferrer\">Inscription R\u00e9pertoire INSEE<\/a><\/p>\n<p style=\"text-align: justify;\"><strong>Bureau (\u00e9lu en s\u00e9ance AG du 13\/04\/2019)<br \/><\/strong><\/p>\n<div class=\"mceTemp\"><a href=\"http:\/\/guyotvillois.com\/blog\/wp-content\/uploads\/2019\/04\/DIFINA_JR-150x150.png\"><img loading=\"lazy\" class=\"alignnone size-full wp-image-3321\" src=\"http:\/\/guyotvillois.com\/blog\/wp-content\/uploads\/2019\/04\/DIFINA_JR-150x150.png\" alt=\"\" width=\"130\" height=\"130\" \/><\/a><strong> Pr\u00e9sident<\/strong>:Jean-Raymond DI FINA , n\u00e9 le 03\/10\/1951 \u00e0 Guyotville. (T\u00e9l.06.73.26.01.89)<br \/>40 Bd Baptistin Cayol-Villa Paulia-Bt D- 13008 Marseille\n<p>\u00a0<\/p>\n<\/div>\n<div class=\"mceTemp\">\n<p><a href=\"http:\/\/guyotvillois.com\/blog\/wp-content\/uploads\/2016\/11\/COSTA_B-e1478685055737.png\" target=\"_blank\" rel=\"noopener noreferrer\"><img loading=\"lazy\" class=\"wp-image-165 \" src=\"http:\/\/guyotvillois.com\/blog\/wp-content\/uploads\/2016\/11\/COSTA_B-150x150.png\" alt=\"costa_b\" width=\"130\" height=\"130\" \/><\/a><strong> Secr\u00e9taire<\/strong>: Bernard COSTA, n\u00e9 le 31\/03\/1953 \u00e0 Guyotville. (T\u00e9l.06.87.14.73.22)<br \/>54, Chemin du Rouet &#8211; 13620 Carry-le-Rouet<\/p>\n<\/div>\n<div class=\"mceTemp\"><a href=\"http:\/\/guyotvillois.com\/blog\/wp-content\/uploads\/2016\/11\/GINER_JF-e1478685028290.png\" target=\"_blank\" rel=\"noopener noreferrer\"><img loading=\"lazy\" class=\"wp-image-167 \" src=\"http:\/\/guyotvillois.com\/blog\/wp-content\/uploads\/2016\/11\/GINER_JF-150x150.png\" alt=\"giner_jf\" width=\"130\" height=\"130\" \/><\/a><strong> Tr\u00e9sorier<\/strong>: Jean-Fran\u00e7ois GINER, n\u00e9 le 14\/06\/1947 \u00e0 Guyotville. (T\u00e9l.06.11.57.85.45)<\/div>\n<div class=\"mceTemp\">\n<p><a href=\"http:\/\/guyotvillois.com\/blog\/wp-content\/uploads\/2016\/11\/PEREZ_A-e1478685164277.png\" target=\"_blank\" rel=\"noopener noreferrer\"><img loading=\"lazy\" class=\"wp-image-170 \" src=\"http:\/\/guyotvillois.com\/blog\/wp-content\/uploads\/2016\/11\/PEREZ_A-150x150.png\" alt=\"perez_a\" width=\"130\" height=\"130\" \/><\/a> Pr\u00e9sident d&rsquo;Honneur: Andr\u00e9 PEREZ , n\u00e9 le 10\/06\/1938 \u00e0 Guyotville. (T\u00e9l.04.42.30.23.37)<\/p>\n<\/div>\n<div class=\"mceTemp\">\n<p><a href=\"http:\/\/guyotvillois.com\/blog\/wp-content\/uploads\/2019\/07\/ESCALES-1.jpg\"><img loading=\"lazy\" class=\"alignnone size-medium wp-image-3384\" src=\"http:\/\/guyotvillois.com\/blog\/wp-content\/uploads\/2019\/07\/ESCALES-1.jpg\" alt=\"\" width=\"150\" height=\"132\" \/><\/a>\u00a0 Vice-Pr\u00e9sident: Pierre-Jean ESCALES, n\u00e9 le 28\/05\/1946 \u00e0 Guyotville. (T\u00e9l.06.11.01.98.27)<\/p>\n<div class=\"mceTemp\">\n<p><a href=\"http:\/\/guyotvillois.com\/blog\/wp-content\/uploads\/2016\/11\/KUSTER_B-e1478685018587.png\" target=\"_blank\" rel=\"noopener noreferrer\"><img loading=\"lazy\" class=\"wp-image-168 \" src=\"http:\/\/guyotvillois.com\/blog\/wp-content\/uploads\/2016\/11\/KUSTER_B-150x150.png\" alt=\"kuster_b\" width=\"130\" height=\"130\" \/><\/a> Vice-pr\u00e9sident :Bernard KUSTER , n\u00e9 25\/06\/1941 \u00e0 Alger, domicili\u00e9 \u00e0 A\u00efn Benian<\/p>\n<\/div>\n<p>Tous les membres du Bureau sont BENEVOLES actifs.<br \/>A la fin 2018, nous pourrons d\u00e9nombrer une centaine de membres donateurs, partageant avec nous ce Devoir de M\u00e9moire et de Respect de nos anciens.<\/p>\n<p>Apr\u00e8s plusieurs voyages effectu\u00e9s (\u00e0 titre priv\u00e9s) par la plupart des membres du bureau, nous avons une bonne connaissance de terrain. Des contacts ont d\u00e9j\u00e0 \u00e9t\u00e9 pris avec la Mairie (APC d\u2019A\u00efn Benian) , ainsi qu\u2019avec les Services \u00a0du Consulat de France \u00e0 Alger.<\/p>\n<p>Nous avons \u00e9galement entretenu, depuis ces derni\u00e8res ann\u00e9es, une correspondance r\u00e9guli\u00e8re avec le Minist\u00e8re des Affaires Etrang\u00e8res concernant la situation du Cimeti\u00e8re.<\/p>\n<p>Association loi 1901, inscrite \u00e0 s\/pr\u00e9f. Istres (13) sous le n\u00b0 RNA W134004279 (JO du 26\/11\/2011)<br \/>Siret\u00a0: 814 313 938 00015\u00a0 \u00a0\u00a0Code APE\u00a0: 9499Z<br \/>Adresse : chez M.DI FINA Jean-Raymond-Villa \u00ab\u00a0Paullia\u00a0\u00bb- Bat D &#8211; 40 Boulevard Baptistin Cayol- 13008 MARSEILLE 8<br \/>T\u00e9l :\u00a0 04.91.72.12.89 &#8211; Courriel : <a href=\"mailto:jrdifina@free.fr\">jrdifina@free.fr<\/a><br \/>Site web\u00a0: <a href=\"http:\/\/cimetiere.guyotville.free.fr\" target=\"_blank\" rel=\"noopener noreferrer\">cimetiere de Guyotville<\/a><\/p>\n<p><span style=\"color: #3366ff;\"><strong>Historique<\/strong><\/span><\/p>\n<\/div>\n\n\n<p>Au cours d&rsquo;un voyage d&rsquo;agr\u00e9ment organis\u00e9 en famille en 2008, pour Sidi Ferruch, Andr\u00e9 Perez a profit\u00e9 de temps libre pour se rendre\u00a0 au cimeti\u00e8re chr\u00e9tien de Guyotville (devenu A\u00efn Benian) o\u00f9 une vingtaine de personnes de sa famille reposent.<\/p>\n\n\n\n<p>Il constate que la mojorit\u00e9 des tombes, caveaux et chapelles sont d\u00e9truites ou s\u00e9rieusement endommag\u00e9es. Le gardien l&rsquo;informe que le cimeti\u00e8re est destin\u00e9 \u00e0 \u00eatre transf\u00e9r\u00e9 sur celui d&rsquo;El-Biar.<\/p>\n\n\n\n<p>Surpris par cette nouvelle, Andr\u00e9 contacte imm\u00e9diatement le Consulat de France \u00e0 Alger, et obtient un rendez-vous imm\u00e9diat avec Madame Marie-Madeleine Delabre, vice-consule g\u00e9n\u00e9rale. Celle-ci confirme la mauvaise nouvelle et informe que tous les cimeti\u00e8res chr\u00e9tiens de la r\u00e9gion sont destin\u00e9s \u00e0 \u00eatre regroup\u00e9s, invoquant le manque d&rsquo;argent pour leur entretien.<\/p>\n\n\n\n<p>Sur le champ, Andr\u00e9 propose de cr\u00e9er une association en contactant les anciens habitants de Guyotville, afin de soulever des fonds pour la r\u00e9novation et la p\u00e9renisation du cimeti\u00e8re.<\/p>\n\n\n\n<p>Madame Delabre lui demande un d\u00e9lai de r\u00e9flexion, car elle doit en r\u00e9f\u00e9rer en haut lieu pour savoir s&rsquo;il n&rsquo;est pas trop tard pour sauver le cimeti\u00e8re.<\/p>\n\n\n\n<p>Trois semaines plus tard, Andr\u00e9 re\u00e7oit un t\u00e9l\u00e9gramme qui accepte la sauvegarde du cimeti\u00e8re, et donne accord au projet.<\/p>\n\n\n\n<p>Ainsi, le 26 novembre 2011, l&rsquo;association \u00ab\u00a0A la m\u00e9moire de nos anciens de Guyotville\u00a0\u00bb est cr\u00e9\u00e9e sous le n\u00b0 W134004279.<\/p>\n\n\n\n<p>Commencent alors le fonctionnement de l&rsquo;association, avec prise de contact avec le responsable de la Wilaya 8 de Saint Eug\u00e8ne, car la mairie d&rsquo;A\u00efn Benian n&rsquo;est pas en charge du cimeti\u00e8re. En parall\u00e8le, de nombreuses personnes adh\u00e8rent et envoient de l&rsquo;argent \u00e0 l&rsquo;association.<\/p>\n\n\n\n<p>Cependant, les autorit\u00e9s locales tardent \u00e0 s&rsquo;impliquer; au bout de quelques mois, l&rsquo;association se met en veille financi\u00e8rement, restitue l&rsquo;argent aux adh\u00e9rents, et devra attendre jusqu&rsquo;en 2015.<\/p>\n\n\n\n<p>Pendant cette pr\u00e9riode, ses membres fondateurs ne restent pas inactifs.&nbsp;Sur fonds priv\u00e9s, ils se rendent sur place pour continuer \u00e0 alerter et informer la Municipalit\u00e9 locale, l\u2019Ambassade de France \u00e0 Alger, puis \u00e9changer avec le Minist\u00e8re des Affaires Etrang\u00e8res, (correspondances avec photos \u00e0 l\u2019appui).&nbsp;<\/p>\n\n\n\n<p>Ainsi, notre Association a particip\u00e9 de fa\u00e7on d\u00e9cisive au sauvetage et au maintien des s\u00e9pultures sur le site, mais aussi au lancement de travaux d\u2019entretien entrepris par le Consulat en 2014\/2015.<\/p>\n\n\n\n<p>Aujourd\u2019hui, apr\u00e8s tant d\u2019ann\u00e9es de craintes, d\u2019efforts, et d\u2019espoirs, il est maintenant certain que le Cimeti\u00e8re de nos anc\u00eatres ne fait plus partie de la liste des Cimeti\u00e8res Chr\u00e9tiens qui ont \u00e9t\u00e9 ou qui seront regroup\u00e9s sur Alger. Cette d\u00e9cision minist\u00e9rielle est act\u00e9e.<br>Nos Anciens resteront sur place, dans cette terre qu\u2019ils ont tant aim\u00e9 ; leurs tombes ne seront pas d\u00e9plac\u00e9es.<br>A pr\u00e9sent, notre devoir est de ne pas le voir se d\u00e9truire . Il nous faut \u00e0 pr\u00e9sent d\u00e9marrer au plus vite sa s\u00e9curisation, sa restauration, et son entretien.<\/p>\n\n\n\n<p>NOTRE CIMETIERE EST MAINTENANT SAUVEGARD\u00c9 !<\/p>\n","protected":false},"excerpt":{"rendered":"<p>A LA MEMOIRE DE NOS ANCIENS DE GUYOTVILLE Objet : R\u00e9habiliter, s\u00e9curiser et remettre en bon \u00e9tat fonctionnel le cimeti\u00e8re europ\u00e9en anciennement de Guyotville (Alg\u00e9rie) et aujourd\u2019hui d\u2019Ain B\u00e9nian. D\u2019effectuer les recherches n\u00e9cessaires pour d\u00e9terminer ce que sont devenues et o\u00f9 ont \u00e9t\u00e9 d\u00e9plac\u00e9es les d\u00e9pouilles mortelles du carr\u00e9 r\u00e9serv\u00e9 aux morts pour la France. &#8230; <a title=\"L&rsquo;association\" class=\"read-more\" href=\"http:\/\/guyotvillois.com\/blog\/association\/\" aria-label=\"En savoir plus sur L&rsquo;association\">Lire la suite<\/a><\/p>\n","protected":false},"author":4,"featured_media":0,"parent":0,"menu_order":2,"comment_status":"closed","ping_status":"closed","template":"","meta":[],"acf":[],"_links":{"self":[{"href":"http:\/\/guyotvillois.com\/blog\/wp-json\/wp\/v2\/pages\/129"}],"collection":[{"href":"http:\/\/guyotvillois.com\/blog\/wp-json\/wp\/v2\/pages"}],"about":[{"href":"http:\/\/guyotvillois.com\/blog\/wp-json\/wp\/v2\/types\/page"}],"author":[{"embeddable":true,"href":"http:\/\/guyotvillois.com\/blog\/wp-json\/wp\/v2\/users\/4"}],"replies":[{"embeddable":true,"href":"http:\/\/guyotvillois.com\/blog\/wp-json\/wp\/v2\/comments?post=129"}],"version-history":[{"count":50,"href":"http:\/\/guyotvillois.com\/blog\/wp-json\/wp\/v2\/pages\/129\/revisions"}],"predecessor-version":[{"id":3616,"href":"http:\/\/guyotvillois.com\/blog\/wp-json\/wp\/v2\/pages\/129\/revisions\/3616"}],"wp:attachment":[{"href":"http:\/\/guyotvillois.com\/blog\/wp-json\/wp\/v2\/media?parent=129"}],"curies":[{"name":"wp","href":"https:\/\/api.w.org\/{rel}","templated":true}]}}